{"id":587,"date":"2026-02-10T18:41:09","date_gmt":"2026-02-10T18:41:09","guid":{"rendered":"https:\/\/rosybrown-viper-179580.hostingersite.com\/?page_id=587"},"modified":"2026-02-13T23:18:23","modified_gmt":"2026-02-13T23:18:23","slug":"elementor-587","status":"publish","type":"page","link":"https:\/\/www.torten-tarras.de\/?page_id=587","title":{"rendered":"Impressum"},"content":{"rendered":"\t\t<div data-elementor-type=\"wp-page\" data-elementor-id=\"587\" class=\"elementor elementor-587\">\n\t\t\t\t<div class=\"elementor-element elementor-element-b5fd5a8 e-flex e-con-boxed e-con e-parent\" data-id=\"b5fd5a8\" data-element_type=\"container\" data-e-type=\"container\" data-settings=\"{&quot;background_background&quot;:&quot;classic&quot;}\">\n\t\t\t\t\t<div class=\"e-con-inner\">\n\t\t<div class=\"elementor-element elementor-element-2828d02 e-con-full e-flex e-con e-child\" data-id=\"2828d02\" data-element_type=\"container\" data-e-type=\"container\">\n\t\t\t\t<div class=\"elementor-element elementor-element-965e0a0 elementor-widget elementor-widget-image\" data-id=\"965e0a0\" data-element_type=\"widget\" data-e-type=\"widget\" data-widget_type=\"image.default\">\n\t\t\t\t\t\t\t\t\t\t\t\t\t\t\t\t<a href=\"https:\/\/www.torten-tarras.de\/?page_id=11\">\n\t\t\t\t\t\t\t<img fetchpriority=\"high\" decoding=\"async\" width=\"1600\" height=\"906\" src=\"https:\/\/www.torten-tarras.de\/wp-content\/uploads\/2026\/02\/envato-labs-image-edit-13-scaled-1.png\" class=\"attachment-full size-full wp-image-324\" alt=\"\" srcset=\"https:\/\/www.torten-tarras.de\/wp-content\/uploads\/2026\/02\/envato-labs-image-edit-13-scaled-1.png 1600w, https:\/\/www.torten-tarras.de\/wp-content\/uploads\/2026\/02\/envato-labs-image-edit-13-scaled-1-300x170.png 300w, https:\/\/www.torten-tarras.de\/wp-content\/uploads\/2026\/02\/envato-labs-image-edit-13-scaled-1-1024x580.png 1024w, https:\/\/www.torten-tarras.de\/wp-content\/uploads\/2026\/02\/envato-labs-image-edit-13-scaled-1-768x435.png 768w, https:\/\/www.torten-tarras.de\/wp-content\/uploads\/2026\/02\/envato-labs-image-edit-13-scaled-1-1536x870.png 1536w\" sizes=\"(max-width: 1600px) 100vw, 1600px\" \/>\t\t\t\t\t\t\t\t<\/a>\n\t\t\t\t\t\t\t\t\t\t\t\t\t\t\t<\/div>\n\t\t\t\t<\/div>\n\t\t\t\t\t<\/div>\n\t\t\t\t<\/div>\n\t\t<div class=\"elementor-element elementor-element-7c183fd e-flex e-con-boxed e-con e-parent\" data-id=\"7c183fd\" data-element_type=\"container\" data-e-type=\"container\" id=\"impressum\">\n\t\t\t\t\t<div class=\"e-con-inner\">\n\t\t<div class=\"elementor-element elementor-element-f772b2d e-con-full e-flex e-con e-child\" data-id=\"f772b2d\" data-element_type=\"container\" data-e-type=\"container\">\n\t\t<div class=\"elementor-element elementor-element-725d95c e-con-full e-flex e-con e-child\" data-id=\"725d95c\" data-element_type=\"container\" data-e-type=\"container\">\n\t\t\t\t<div class=\"elementor-element elementor-element-dc9012b elementor-widget elementor-widget-heading\" data-id=\"dc9012b\" data-element_type=\"widget\" data-e-type=\"widget\" data-widget_type=\"heading.default\">\n\t\t\t\t\t<h2 class=\"elementor-heading-title elementor-size-default\">Impressum<\/h2>\t\t\t\t<\/div>\n\t\t\t\t<div class=\"elementor-element elementor-element-41296dd elementor-widget elementor-widget-text-editor\" data-id=\"41296dd\" data-element_type=\"widget\" data-e-type=\"widget\" data-widget_type=\"text-editor.default\">\n\t\t\t\t\t\t\t\t\t<p>Torten-Tarras<br \/>Konditorei und Caf\u00e9<br \/>Boeselagerstra\u00dfe 17<br \/>38108 Braunschweig<\/p><p>eMail: info@torten-tarras.de<br \/>Internet: www.torten-tarras.de<br \/>Telefon: 0531 \/ 35 40 770<\/p><p><b>Inhaber<\/b><\/p><p>Henning Tarras<\/p><p>Steuer Nr. 13 \/ 144 \/ 02800<\/p><p>Alle Eintr\u00e4ge erfolgen nach bestem Wissen und Gewissen, jedoch ohne Gew\u00e4hr.<\/p>\t\t\t\t\t\t\t\t<\/div>\n\t\t\t\t<\/div>\n\t\t\t\t<\/div>\n\t\t<div class=\"elementor-element elementor-element-189e66b e-con-full e-flex e-con e-child\" data-id=\"189e66b\" data-element_type=\"container\" data-e-type=\"container\">\n\t\t\t\t<div class=\"elementor-element elementor-element-0248fcd elementor-widget elementor-widget-heading\" data-id=\"0248fcd\" data-element_type=\"widget\" data-e-type=\"widget\" data-widget_type=\"heading.default\">\n\t\t\t\t\t<h2 class=\"elementor-heading-title elementor-size-default\">Datenschutz<\/h2>\t\t\t\t<\/div>\n\t\t\t\t<\/div>\n\t\t\t\t<div class=\"elementor-element elementor-element-efb141b elementor-widget elementor-widget-text-editor\" data-id=\"efb141b\" data-element_type=\"widget\" data-e-type=\"widget\" data-widget_type=\"text-editor.default\">\n\t\t\t\t\t\t\t\t\t<p>Datenschutzerkl\u00e4rung<\/p><p>Geltungsbereich<\/p><p>Diese Datenschutzerkl\u00e4rung soll die Nutzer dieser Website gem\u00e4\u00df Bundesdatenschutzgesetz und Telemediengesetz \u00fcber die Art, den Umfang und den Zweck der Erhebung und Verwendung personenbezogener Daten durch den Websitebetreiber Torten Tarras informieren.<\/p><p>Der Websitebetreiber nimmt Ihren Datenschutz sehr ernst und behandelt Ihre personenbezogenen Daten vertraulich und entsprechend der gesetzlichen Vorschriften.<\/p><p>Bedenken Sie, dass die Daten\u00fcbertragung im Internet grunds\u00e4tzlich mit Sicherheitsl\u00fccken bedacht sein kann. Ein vollumf\u00e4nglicher Schutz vor dem Zugriff durch Fremde ist nicht realisierbar.<\/p><p>Zugriffsdaten<br \/>Der Websitebetreiber bzw. Seitenprovider erhebt Daten \u00fcber Zugriffe auf die Seite und speichert diese als \u201eServer-Logfiles\u201c ab. Folgende Daten werden so protokolliert:<\/p><p>Besuchte Website<br \/>Uhrzeit zum Zeitpunkt des Zugriffes<br \/>Menge der gesendeten Daten in Byte<br \/>Quelle\/Verweis, von welchem Sie auf die Seite gelangten<br \/>Verwendeter Browser<br \/>Verwendetes Betriebssystem<br \/>Verwendete IP-Adresse<br \/>Die erhobenen Daten dienen lediglich statistischen Auswertungen und zur Verbesserung der Website. Der Websitebetreiber beh\u00e4lt sich allerdings vor, die Server-Logfiles nachtr\u00e4glich zu \u00fcberpr\u00fcfen, sollten konkrete Anhaltspunkte auf eine rechtswidrige Nutzung hinweisen. Diese Daten werden nach 7 Tagen automatisch anonymisiert und gel\u00f6scht.<br \/>Links: Wir verwenden einen externen Link zur Website von google maps<\/p><p>Rechte des Nutzers: Auskunft, Berichtigung und L\u00f6schung<br \/>Sie als Nutzer erhalten auf Antrag Ihrerseits kostenlose Auskunft dar\u00fcber, welche personenbezogenen Daten \u00fcber Sie gespeichert wurden. Sofern Ihr Wunsch nicht mit einer gesetzlichen Pflicht zur Aufbewahrung von Daten (z. B. Vorratsdatenspeicherung) kollidiert, haben Sie ein Anrecht auf Berichtigung falscher Daten und auf die Sperrung oder L\u00f6schung Ihrer personenbezogenen Daten.<\/p>\t\t\t\t\t\t\t\t<\/div>\n\t\t\t\t\t<\/div>\n\t\t\t\t<\/div>\n\t\t<div class=\"elementor-element elementor-element-fe6ecbe e-flex e-con-boxed e-con e-parent\" data-id=\"fe6ecbe\" data-element_type=\"container\" data-e-type=\"container\" data-settings=\"{&quot;background_background&quot;:&quot;classic&quot;}\">\n\t\t\t\t\t<div class=\"e-con-inner\">\n\t\t<div class=\"elementor-element elementor-element-deedc20 e-con-full e-flex e-con e-child\" data-id=\"deedc20\" data-element_type=\"container\" data-e-type=\"container\" data-settings=\"{&quot;background_background&quot;:&quot;classic&quot;}\">\n\t\t<div class=\"elementor-element elementor-element-ebf665a e-con-full e-flex e-con e-child\" data-id=\"ebf665a\" data-element_type=\"container\" data-e-type=\"container\">\n\t\t\t\t<div class=\"elementor-element elementor-element-6e1d278 elementor-position-top elementor-widget elementor-widget-image-box\" data-id=\"6e1d278\" data-element_type=\"widget\" data-e-type=\"widget\" data-widget_type=\"image-box.default\">\n\t\t\t\t\t<div class=\"elementor-image-box-wrapper\"><figure class=\"elementor-image-box-img\"><img fetchpriority=\"high\" decoding=\"async\" width=\"1600\" height=\"906\" src=\"https:\/\/www.torten-tarras.de\/wp-content\/uploads\/2026\/02\/envato-labs-image-edit-13-scaled-1.png\" class=\"attachment-full size-full wp-image-324\" alt=\"\" srcset=\"https:\/\/www.torten-tarras.de\/wp-content\/uploads\/2026\/02\/envato-labs-image-edit-13-scaled-1.png 1600w, https:\/\/www.torten-tarras.de\/wp-content\/uploads\/2026\/02\/envato-labs-image-edit-13-scaled-1-300x170.png 300w, https:\/\/www.torten-tarras.de\/wp-content\/uploads\/2026\/02\/envato-labs-image-edit-13-scaled-1-1024x580.png 1024w, https:\/\/www.torten-tarras.de\/wp-content\/uploads\/2026\/02\/envato-labs-image-edit-13-scaled-1-768x435.png 768w, https:\/\/www.torten-tarras.de\/wp-content\/uploads\/2026\/02\/envato-labs-image-edit-13-scaled-1-1536x870.png 1536w\" sizes=\"(max-width: 1600px) 100vw, 1600px\" \/><\/figure><div class=\"elementor-image-box-content\"><p class=\"elementor-image-box-description\">Summarize your business so the visitor can learn about your offerings from any page on your website.<\/p><\/div><\/div>\t\t\t\t<\/div>\n\t\t\t\t<\/div>\n\t\t<div class=\"elementor-element elementor-element-b451648 e-con-full e-flex e-con e-child\" data-id=\"b451648\" data-element_type=\"container\" data-e-type=\"container\">\n\t\t\t\t<div class=\"elementor-element elementor-element-7c3c5d5 elementor-widget elementor-widget-heading\" data-id=\"7c3c5d5\" data-element_type=\"widget\" data-e-type=\"widget\" data-widget_type=\"heading.default\">\n\t\t\t\t\t<h6 class=\"elementor-heading-title elementor-size-default\">Rechtliches<\/h6>\t\t\t\t<\/div>\n\t\t\t\t<div class=\"elementor-element elementor-element-6c9b85b elementor-icon-list--layout-traditional elementor-list-item-link-full_width elementor-widget elementor-widget-icon-list\" data-id=\"6c9b85b\" data-element_type=\"widget\" data-e-type=\"widget\" data-widget_type=\"icon-list.default\">\n\t\t\t\t\t\t\t<ul class=\"elementor-icon-list-items\">\n\t\t\t\t\t\t\t<li class=\"elementor-icon-list-item\">\n\t\t\t\t\t\t\t\t\t\t\t<a href=\"https:\/\/www.torten-tarras.de\/?page_id=587\">\n\n\t\t\t\t\t\t\t\t\t\t\t<span class=\"elementor-icon-list-text\">Impressum\/Datenschutz<\/span>\n\t\t\t\t\t\t\t\t\t\t\t<\/a>\n\t\t\t\t\t\t\t\t\t<\/li>\n\t\t\t\t\t\t<\/ul>\n\t\t\t\t\t\t<\/div>\n\t\t\t\t<\/div>\n\t\t<div class=\"elementor-element elementor-element-051e2a8 e-con-full e-flex e-con e-child\" data-id=\"051e2a8\" data-element_type=\"container\" data-e-type=\"container\">\n\t\t\t\t<div class=\"elementor-element elementor-element-7685181 elementor-widget elementor-widget-heading\" data-id=\"7685181\" data-element_type=\"widget\" data-e-type=\"widget\" data-widget_type=\"heading.default\">\n\t\t\t\t\t<h6 class=\"elementor-heading-title elementor-size-default\">Kontakt<\/h6>\t\t\t\t<\/div>\n\t\t\t\t<div class=\"elementor-element elementor-element-ae95e7d elementor-widget elementor-widget-text-editor\" data-id=\"ae95e7d\" data-element_type=\"widget\" data-e-type=\"widget\" data-widget_type=\"text-editor.default\">\n\t\t\t\t\t\t\t\t\t<p>Torten Tarras<\/p><p>Boeselagerstra\u00dfe 17<\/p>\n<p><span style=\"letter-spacing: 0px; text-align: var(--text-align);\">38108 Braunschweig<\/span><\/p>\t\t\t\t\t\t\t\t<\/div>\n\t\t\t\t<div class=\"elementor-element elementor-element-8b14ff5 elementor-widget elementor-widget-spacer\" data-id=\"8b14ff5\" data-element_type=\"widget\" data-e-type=\"widget\" data-widget_type=\"spacer.default\">\n\t\t\t\t\t\t\t<div class=\"elementor-spacer\">\n\t\t\t<div class=\"elementor-spacer-inner\"><\/div>\n\t\t<\/div>\n\t\t\t\t\t\t<\/div>\n\t\t\t\t<div class=\"elementor-element elementor-element-caa12a8 elementor-icon-list--layout-traditional elementor-list-item-link-full_width elementor-widget elementor-widget-icon-list\" data-id=\"caa12a8\" data-element_type=\"widget\" data-e-type=\"widget\" data-widget_type=\"icon-list.default\">\n\t\t\t\t\t\t\t<ul class=\"elementor-icon-list-items\">\n\t\t\t\t\t\t\t<li class=\"elementor-icon-list-item\">\n\t\t\t\t\t\t\t\t\t\t\t<a href=\"#\">\n\n\t\t\t\t\t\t\t\t\t\t\t<span class=\"elementor-icon-list-text\">E-Mail<br>info@torten-tarras.de<\/span>\n\t\t\t\t\t\t\t\t\t\t\t<\/a>\n\t\t\t\t\t\t\t\t\t<\/li>\n\t\t\t\t\t\t\t\t<li class=\"elementor-icon-list-item\">\n\t\t\t\t\t\t\t\t\t\t<span class=\"elementor-icon-list-text\">Tel. 0531 \/ 35 40 770<\/span>\n\t\t\t\t\t\t\t\t\t<\/li>\n\t\t\t\t\t\t<\/ul>\n\t\t\t\t\t\t<\/div>\n\t\t\t\t<\/div>\n\t\t\t\t<\/div>\n\t\t\t\t\t<\/div>\n\t\t\t\t<\/div>\n\t\t\t\t<\/div>\n\t\t","protected":false},"excerpt":{"rendered":"<p>Impressum Torten-TarrasKonditorei und Caf\u00e9Boeselagerstra\u00dfe 1738108 Braunschweig eMail: info@torten-tarras.deInternet: www.torten-tarras.deTelefon: 0531 \/ 35 40 770 Inhaber Henning Tarras Steuer Nr. 13 \/ 144 \/ 02800 Alle Eintr\u00e4ge erfolgen nach bestem Wissen und Gewissen, jedoch ohne Gew\u00e4hr. Datenschutz Datenschutzerkl\u00e4rung Geltungsbereich Diese Datenschutzerkl\u00e4rung soll die Nutzer dieser Website gem\u00e4\u00df Bundesdatenschutzgesetz und Telemediengesetz \u00fcber die Art, den Umfang und [&hellip;]<\/p>\n","protected":false},"author":2,"featured_media":0,"parent":0,"menu_order":0,"comment_status":"closed","ping_status":"closed","template":"elementor_canvas","meta":{"footnotes":""},"class_list":["post-587","page","type-page","status-publish","hentry"],"_links":{"self":[{"href":"https:\/\/www.torten-tarras.de\/index.php?rest_route=\/wp\/v2\/pages\/587","targetHints":{"allow":["GET"]}}],"collection":[{"href":"https:\/\/www.torten-tarras.de\/index.php?rest_route=\/wp\/v2\/pages"}],"about":[{"href":"https:\/\/www.torten-tarras.de\/index.php?rest_route=\/wp\/v2\/types\/page"}],"author":[{"embeddable":true,"href":"https:\/\/www.torten-tarras.de\/index.php?rest_route=\/wp\/v2\/users\/2"}],"replies":[{"embeddable":true,"href":"https:\/\/www.torten-tarras.de\/index.php?rest_route=%2Fwp%2Fv2%2Fcomments&post=587"}],"version-history":[{"count":51,"href":"https:\/\/www.torten-tarras.de\/index.php?rest_route=\/wp\/v2\/pages\/587\/revisions"}],"predecessor-version":[{"id":825,"href":"https:\/\/www.torten-tarras.de\/index.php?rest_route=\/wp\/v2\/pages\/587\/revisions\/825"}],"wp:attachment":[{"href":"https:\/\/www.torten-tarras.de\/index.php?rest_route=%2Fwp%2Fv2%2Fmedia&parent=587"}],"curies":[{"name":"wp","href":"https:\/\/api.w.org\/{rel}","templated":true}]}}